{"id":44,"date":"2022-07-06T15:44:36","date_gmt":"2022-07-06T13:44:36","guid":{"rendered":"http:\/\/isabellebouteillet.com\/?page_id=44"},"modified":"2022-07-19T15:40:48","modified_gmt":"2022-07-19T13:40:48","slug":"les-sculptures","status":"publish","type":"page","link":"https:\/\/isabellebouteillet.com\/index.php\/les-sculptures\/","title":{"rendered":"LES SCULPTURES"},"content":{"rendered":"<div class=\"wp-block-image\">\n<figure class=\"aligncenter size-large is-resized\"><img loading=\"lazy\" decoding=\"async\" src=\"https:\/\/isabellebouteillet.com\/wp-content\/uploads\/2022\/07\/Capture-de\u0301cran-2022-07-06-a\u0300-16.10.03-1024x1022.png\" alt=\"\" class=\"wp-image-69\" width=\"512\" height=\"511\" srcset=\"https:\/\/isabellebouteillet.com\/wp-content\/uploads\/2022\/07\/Capture-de\u0301cran-2022-07-06-a\u0300-16.10.03-1024x1022.png 1024w, https:\/\/isabellebouteillet.com\/wp-content\/uploads\/2022\/07\/Capture-de\u0301cran-2022-07-06-a\u0300-16.10.03-300x300.png 300w, https:\/\/isabellebouteillet.com\/wp-content\/uploads\/2022\/07\/Capture-de\u0301cran-2022-07-06-a\u0300-16.10.03-150x150.png 150w, https:\/\/isabellebouteillet.com\/wp-content\/uploads\/2022\/07\/Capture-de\u0301cran-2022-07-06-a\u0300-16.10.03-768x767.png 768w, https:\/\/isabellebouteillet.com\/wp-content\/uploads\/2022\/07\/Capture-de\u0301cran-2022-07-06-a\u0300-16.10.03-100x100.png 100w, https:\/\/isabellebouteillet.com\/wp-content\/uploads\/2022\/07\/Capture-de\u0301cran-2022-07-06-a\u0300-16.10.03.png 1114w\" sizes=\"auto, (max-width: 512px) 100vw, 512px\" \/><\/figure>\n<\/div>\n\n<p class=\"fonts-plugin-block \" style=\"font-family: Lexend Tera;font-weight: 200;color: #000000\"><em>\u00abLe volume est tr\u00e8s important pour moi. Il apporte la vie. Le rythme aussi, tr\u00e8s puissant avec le noir et le blanc. Autour de ces deux axes, se logent le mouvement et l\u2019\u00e9v\u00e9nement&#8230; \u00bb<\/em><\/p>\n\n\n<h2 class=\"has-black-color has-text-color has-x-large-font-size wp-block-heading\" id=\"arbre2\" style=\"font-style:normal;font-weight:100;letter-spacing:10px\">Les Arbres<\/h2>\n\n\n\n<figure class=\"wp-block-gallery has-nested-images columns-default is-cropped wp-block-gallery-1 is-layout-flex wp-block-gallery-is-layout-flex\">\n<figure class=\"wp-block-image size-large\"><a href=\"https:\/\/isabellebouteillet.com\/wp-content\/uploads\/2022\/07\/Capture-de\u0301cran-2022-07-06-a\u0300-16.10.21.png\"><img loading=\"lazy\" decoding=\"async\" width=\"1118\" height=\"1118\" data-id=\"77\" src=\"https:\/\/isabellebouteillet.com\/wp-content\/uploads\/2022\/07\/Capture-de\u0301cran-2022-07-06-a\u0300-16.10.21.png\" alt=\"\" class=\"wp-image-77\" srcset=\"https:\/\/isabellebouteillet.com\/wp-content\/uploads\/2022\/07\/Capture-de\u0301cran-2022-07-06-a\u0300-16.10.21.png 1118w, https:\/\/isabellebouteillet.com\/wp-content\/uploads\/2022\/07\/Capture-de\u0301cran-2022-07-06-a\u0300-16.10.21-300x300.png 300w, https:\/\/isabellebouteillet.com\/wp-content\/uploads\/2022\/07\/Capture-de\u0301cran-2022-07-06-a\u0300-16.10.21-1024x1024.png 1024w, https:\/\/isabellebouteillet.com\/wp-content\/uploads\/2022\/07\/Capture-de\u0301cran-2022-07-06-a\u0300-16.10.21-150x150.png 150w, https:\/\/isabellebouteillet.com\/wp-content\/uploads\/2022\/07\/Capture-de\u0301cran-2022-07-06-a\u0300-16.10.21-768x768.png 768w, https:\/\/isabellebouteillet.com\/wp-content\/uploads\/2022\/07\/Capture-de\u0301cran-2022-07-06-a\u0300-16.10.21-100x100.png 100w\" sizes=\"auto, (max-width: 1118px) 100vw, 1118px\" \/><\/a><\/figure>\n\n\n\n<figure class=\"wp-block-image size-large\"><a href=\"https:\/\/isabellebouteillet.com\/wp-content\/uploads\/2022\/07\/Capture-de\u0301cran-2022-07-06-a\u0300-16.11.12-1.png\"><img loading=\"lazy\" decoding=\"async\" width=\"900\" height=\"1116\" data-id=\"80\" src=\"https:\/\/isabellebouteillet.com\/wp-content\/uploads\/2022\/07\/Capture-de\u0301cran-2022-07-06-a\u0300-16.11.12-1.png\" alt=\"\" class=\"wp-image-80\" srcset=\"https:\/\/isabellebouteillet.com\/wp-content\/uploads\/2022\/07\/Capture-de\u0301cran-2022-07-06-a\u0300-16.11.12-1.png 900w, https:\/\/isabellebouteillet.com\/wp-content\/uploads\/2022\/07\/Capture-de\u0301cran-2022-07-06-a\u0300-16.11.12-1-242x300.png 242w, https:\/\/isabellebouteillet.com\/wp-content\/uploads\/2022\/07\/Capture-de\u0301cran-2022-07-06-a\u0300-16.11.12-1-826x1024.png 826w, https:\/\/isabellebouteillet.com\/wp-content\/uploads\/2022\/07\/Capture-de\u0301cran-2022-07-06-a\u0300-16.11.12-1-768x952.png 768w\" sizes=\"auto, (max-width: 900px) 100vw, 900px\" \/><\/a><\/figure>\n\n\n\n<figure class=\"wp-block-image size-large\"><a href=\"https:\/\/isabellebouteillet.com\/wp-content\/uploads\/2022\/07\/Capture-de\u0301cran-2022-07-06-a\u0300-16.11.02.png\"><img loading=\"lazy\" decoding=\"async\" width=\"892\" height=\"1114\" data-id=\"78\" src=\"https:\/\/isabellebouteillet.com\/wp-content\/uploads\/2022\/07\/Capture-de\u0301cran-2022-07-06-a\u0300-16.11.02.png\" alt=\"\" class=\"wp-image-78\" srcset=\"https:\/\/isabellebouteillet.com\/wp-content\/uploads\/2022\/07\/Capture-de\u0301cran-2022-07-06-a\u0300-16.11.02.png 892w, https:\/\/isabellebouteillet.com\/wp-content\/uploads\/2022\/07\/Capture-de\u0301cran-2022-07-06-a\u0300-16.11.02-240x300.png 240w, https:\/\/isabellebouteillet.com\/wp-content\/uploads\/2022\/07\/Capture-de\u0301cran-2022-07-06-a\u0300-16.11.02-820x1024.png 820w, https:\/\/isabellebouteillet.com\/wp-content\/uploads\/2022\/07\/Capture-de\u0301cran-2022-07-06-a\u0300-16.11.02-768x959.png 768w\" sizes=\"auto, (max-width: 892px) 100vw, 892px\" \/><\/a><\/figure>\n<\/figure>\n\n\n<p class=\"fonts-plugin-block \" style=\"font-family: Lexend Tera;font-weight: 200;color: #000000\"><em>\u00abJe soignais l\u2019\u00e9t\u00e9 les plantes de ma terrasse et puis l\u2019hiver est arriv\u00e9. Elles me manquaient, alors je me les suis fabriqu\u00e9es. Je me suis longtemps demand\u00e9e comment je pouvais faire les feuilles et l\u2019\u00e9vidence m\u2019est venue\u2026 Du papier! j\u2019ai commenc\u00e9 \u00e0 me fabriquer de petits arbres\u2026\u00bb<\/em><\/p>\n\n\n<figure class=\"wp-block-gallery has-nested-images columns-3 is-cropped wp-block-gallery-2 is-layout-flex wp-block-gallery-is-layout-flex\">\n<figure class=\"wp-block-image size-full\"><a href=\"https:\/\/isabellebouteillet.com\/wp-content\/uploads\/2022\/07\/arb-sc-3.jpeg\"><img loading=\"lazy\" decoding=\"async\" width=\"750\" height=\"921\" data-id=\"527\" src=\"https:\/\/isabellebouteillet.com\/wp-content\/uploads\/2022\/07\/arb-sc-3.jpeg\" alt=\"\" class=\"wp-image-527\" srcset=\"https:\/\/isabellebouteillet.com\/wp-content\/uploads\/2022\/07\/arb-sc-3.jpeg 750w, https:\/\/isabellebouteillet.com\/wp-content\/uploads\/2022\/07\/arb-sc-3-244x300.jpeg 244w, https:\/\/isabellebouteillet.com\/wp-content\/uploads\/2022\/07\/arb-sc-3-94x116.jpeg 94w\" sizes=\"auto, (max-width: 750px) 100vw, 750px\" \/><\/a><\/figure>\n\n\n\n<figure class=\"wp-block-image size-large\"><a href=\"https:\/\/isabellebouteillet.com\/wp-content\/uploads\/2022\/07\/arbre-scul-9.jpeg\"><img loading=\"lazy\" decoding=\"async\" width=\"717\" height=\"1024\" data-id=\"447\" src=\"https:\/\/isabellebouteillet.com\/wp-content\/uploads\/2022\/07\/arbre-scul-9.jpeg\" alt=\"\" class=\"wp-image-447\" srcset=\"https:\/\/isabellebouteillet.com\/wp-content\/uploads\/2022\/07\/arbre-scul-9.jpeg 717w, https:\/\/isabellebouteillet.com\/wp-content\/uploads\/2022\/07\/arbre-scul-9-210x300.jpeg 210w, https:\/\/isabellebouteillet.com\/wp-content\/uploads\/2022\/07\/arbre-scul-9-81x116.jpeg 81w\" sizes=\"auto, (max-width: 717px) 100vw, 717px\" \/><\/a><\/figure>\n\n\n\n<figure class=\"wp-block-image size-full\"><a href=\"https:\/\/isabellebouteillet.com\/wp-content\/uploads\/2022\/07\/arbrescul-8.jpeg\"><img loading=\"lazy\" decoding=\"async\" width=\"768\" height=\"652\" data-id=\"533\" src=\"https:\/\/isabellebouteillet.com\/wp-content\/uploads\/2022\/07\/arbrescul-8-edited-1.jpeg\" alt=\"\" class=\"wp-image-533\" srcset=\"https:\/\/isabellebouteillet.com\/wp-content\/uploads\/2022\/07\/arbrescul-8-edited-1.jpeg 768w, https:\/\/isabellebouteillet.com\/wp-content\/uploads\/2022\/07\/arbrescul-8-edited-1-300x255.jpeg 300w, https:\/\/isabellebouteillet.com\/wp-content\/uploads\/2022\/07\/arbrescul-8-edited-1-137x116.jpeg 137w\" sizes=\"auto, (max-width: 768px) 100vw, 768px\" \/><\/a><\/figure>\n<\/figure>\n\n\n\n<h2 class=\"has-black-color has-text-color has-x-large-font-size wp-block-heading\" id=\"lesportraits2\" style=\"font-style:normal;font-weight:100;letter-spacing:10px\">Les Portraits<\/h2>\n\n\n<p class=\"fonts-plugin-block \" style=\"font-family: Lexend Tera;font-weight: 200;color: #000000\"><em>&#8220;Les portraits en feuilles sont une v\u00e9ritables compagnie. J&#8217;ai eu envie de cr\u00e9er une pr\u00e9sence en r\u00e9alisant ces sculptures de papier. Pos\u00e9s au milieu d&#8217;autres objets, ils m&#8217;interpellent sans cesse.&#8221;<\/em><\/p>\n\n<div class=\"wp-block-image\">\n<figure class=\"aligncenter size-full is-resized\"><a href=\"https:\/\/isabellebouteillet.com\/wp-content\/uploads\/2022\/07\/Capture-de\u0301cran-2022-07-06-a\u0300-16.25.03-edited.png\"><img loading=\"lazy\" decoding=\"async\" src=\"https:\/\/isabellebouteillet.com\/wp-content\/uploads\/2022\/07\/Capture-de\u0301cran-2022-07-06-a\u0300-16.25.03-edited.png\" alt=\"\" class=\"wp-image-280\" width=\"610\" height=\"610\" srcset=\"https:\/\/isabellebouteillet.com\/wp-content\/uploads\/2022\/07\/Capture-de\u0301cran-2022-07-06-a\u0300-16.25.03-edited.png 813w, https:\/\/isabellebouteillet.com\/wp-content\/uploads\/2022\/07\/Capture-de\u0301cran-2022-07-06-a\u0300-16.25.03-edited-300x300.png 300w, https:\/\/isabellebouteillet.com\/wp-content\/uploads\/2022\/07\/Capture-de\u0301cran-2022-07-06-a\u0300-16.25.03-edited-150x150.png 150w, https:\/\/isabellebouteillet.com\/wp-content\/uploads\/2022\/07\/Capture-de\u0301cran-2022-07-06-a\u0300-16.25.03-edited-768x768.png 768w, https:\/\/isabellebouteillet.com\/wp-content\/uploads\/2022\/07\/Capture-de\u0301cran-2022-07-06-a\u0300-16.25.03-edited-116x116.png 116w\" sizes=\"auto, (max-width: 610px) 100vw, 610px\" \/><\/a><\/figure>\n<\/div>\n\n<div class=\"wp-block-image\">\n<figure class=\"aligncenter size-full\"><img loading=\"lazy\" decoding=\"async\" width=\"657\" height=\"555\" src=\"https:\/\/isabellebouteillet.com\/wp-content\/uploads\/2022\/07\/3ebcc3b3-1c52-4376-8550-0dbb775ead62-1.jpg\" alt=\"\" class=\"wp-image-538\" srcset=\"https:\/\/isabellebouteillet.com\/wp-content\/uploads\/2022\/07\/3ebcc3b3-1c52-4376-8550-0dbb775ead62-1.jpg 657w, https:\/\/isabellebouteillet.com\/wp-content\/uploads\/2022\/07\/3ebcc3b3-1c52-4376-8550-0dbb775ead62-1-300x253.jpg 300w, https:\/\/isabellebouteillet.com\/wp-content\/uploads\/2022\/07\/3ebcc3b3-1c52-4376-8550-0dbb775ead62-1-137x116.jpg 137w\" sizes=\"auto, (max-width: 657px) 100vw, 657px\" \/><\/figure>\n<\/div>\n\n\n<h2 class=\"has-black-color has-text-color has-x-large-font-size wp-block-heading\" id=\"personnages\" style=\"font-style:normal;font-weight:100;letter-spacing:10px\">Les Personnages<\/h2>\n\n\n<div class=\"wp-block-image\">\n<figure class=\"aligncenter size-large is-resized\"><img loading=\"lazy\" decoding=\"async\" src=\"https:\/\/isabellebouteillet.com\/wp-content\/uploads\/2022\/07\/12-ds-la-lumie\u0300re-028-1024x768.jpg\" alt=\"\" class=\"wp-image-608\" width=\"768\" height=\"576\" srcset=\"https:\/\/isabellebouteillet.com\/wp-content\/uploads\/2022\/07\/12-ds-la-lumie\u0300re-028-1024x768.jpg 1024w, https:\/\/isabellebouteillet.com\/wp-content\/uploads\/2022\/07\/12-ds-la-lumie\u0300re-028-300x225.jpg 300w, https:\/\/isabellebouteillet.com\/wp-content\/uploads\/2022\/07\/12-ds-la-lumie\u0300re-028-768x576.jpg 768w, https:\/\/isabellebouteillet.com\/wp-content\/uploads\/2022\/07\/12-ds-la-lumie\u0300re-028-1536x1152.jpg 1536w, https:\/\/isabellebouteillet.com\/wp-content\/uploads\/2022\/07\/12-ds-la-lumie\u0300re-028-2048x1536.jpg 2048w, https:\/\/isabellebouteillet.com\/wp-content\/uploads\/2022\/07\/12-ds-la-lumie\u0300re-028-155x116.jpg 155w\" sizes=\"auto, (max-width: 768px) 100vw, 768px\" \/><\/figure>\n<\/div>\n\n<p class=\"fonts-plugin-block \" style=\"font-family: Lexend Tera;font-weight: 200;color: #000000\"><em>\u00ab J&#8217;ai essay\u00e9 de r\u00e9aliser de petits personnages joyeux, l\u00e9gers, en fil de fer et en papier. C&#8217;est aujourd&#8217;hui une grande famille diss\u00e9min\u00e9e un peu partout dans le monde.\u00bb<\/em><\/p>\n\n\n<figure class=\"wp-block-gallery has-nested-images columns-default is-cropped wp-block-gallery-3 is-layout-flex wp-block-gallery-is-layout-flex\">\n<figure class=\"wp-block-image size-large\"><a href=\"https:\/\/isabellebouteillet.com\/wp-content\/uploads\/2022\/07\/Capture-de\u0301cran-2022-07-06-a\u0300-16.24.36.png\"><img loading=\"lazy\" decoding=\"async\" width=\"892\" height=\"1116\" data-id=\"84\" src=\"https:\/\/isabellebouteillet.com\/wp-content\/uploads\/2022\/07\/Capture-de\u0301cran-2022-07-06-a\u0300-16.24.36.png\" alt=\"\" class=\"wp-image-84\" srcset=\"https:\/\/isabellebouteillet.com\/wp-content\/uploads\/2022\/07\/Capture-de\u0301cran-2022-07-06-a\u0300-16.24.36.png 892w, https:\/\/isabellebouteillet.com\/wp-content\/uploads\/2022\/07\/Capture-de\u0301cran-2022-07-06-a\u0300-16.24.36-240x300.png 240w, https:\/\/isabellebouteillet.com\/wp-content\/uploads\/2022\/07\/Capture-de\u0301cran-2022-07-06-a\u0300-16.24.36-818x1024.png 818w, https:\/\/isabellebouteillet.com\/wp-content\/uploads\/2022\/07\/Capture-de\u0301cran-2022-07-06-a\u0300-16.24.36-768x961.png 768w\" sizes=\"auto, (max-width: 892px) 100vw, 892px\" \/><\/a><\/figure>\n\n\n\n<figure class=\"wp-block-image size-full\"><a href=\"https:\/\/isabellebouteillet.com\/wp-content\/uploads\/2022\/07\/Perso-Scul-2.jpeg\"><img loading=\"lazy\" decoding=\"async\" width=\"654\" height=\"1024\" data-id=\"458\" src=\"https:\/\/isabellebouteillet.com\/wp-content\/uploads\/2022\/07\/Perso-Scul-2.jpeg\" alt=\"\" class=\"wp-image-458\" srcset=\"https:\/\/isabellebouteillet.com\/wp-content\/uploads\/2022\/07\/Perso-Scul-2.jpeg 654w, https:\/\/isabellebouteillet.com\/wp-content\/uploads\/2022\/07\/Perso-Scul-2-192x300.jpeg 192w, https:\/\/isabellebouteillet.com\/wp-content\/uploads\/2022\/07\/Perso-Scul-2-74x116.jpeg 74w\" sizes=\"auto, (max-width: 654px) 100vw, 654px\" \/><\/a><\/figure>\n\n\n\n<figure class=\"wp-block-image size-full\"><a href=\"https:\/\/isabellebouteillet.com\/wp-content\/uploads\/2022\/07\/26785d29-b38b-40ce-ae96-2a8e99e58a92.jpg\"><img loading=\"lazy\" decoding=\"async\" width=\"638\" height=\"841\" data-id=\"567\" src=\"https:\/\/isabellebouteillet.com\/wp-content\/uploads\/2022\/07\/26785d29-b38b-40ce-ae96-2a8e99e58a92.jpg\" alt=\"\" class=\"wp-image-567\" srcset=\"https:\/\/isabellebouteillet.com\/wp-content\/uploads\/2022\/07\/26785d29-b38b-40ce-ae96-2a8e99e58a92.jpg 638w, https:\/\/isabellebouteillet.com\/wp-content\/uploads\/2022\/07\/26785d29-b38b-40ce-ae96-2a8e99e58a92-228x300.jpg 228w, https:\/\/isabellebouteillet.com\/wp-content\/uploads\/2022\/07\/26785d29-b38b-40ce-ae96-2a8e99e58a92-88x116.jpg 88w\" sizes=\"auto, (max-width: 638px) 100vw, 638px\" \/><\/a><\/figure>\n<\/figure>\n\n\n\n<h2 class=\"has-black-color has-text-color has-x-large-font-size wp-block-heading\" id=\"abstraits\" style=\"font-style:normal;font-weight:100;letter-spacing:10px\">Les Abstraits<\/h2>\n\n\n\n<figure class=\"wp-block-gallery has-nested-images columns-4 is-cropped wp-block-gallery-4 is-layout-flex wp-block-gallery-is-layout-flex\">\n<figure class=\"wp-block-image size-full\"><a href=\"https:\/\/isabellebouteillet.com\/wp-content\/uploads\/2022\/07\/scul-abnb2.png\"><img loading=\"lazy\" decoding=\"async\" width=\"356\" height=\"404\" data-id=\"453\" src=\"https:\/\/isabellebouteillet.com\/wp-content\/uploads\/2022\/07\/scul-abnb2.png\" alt=\"\" class=\"wp-image-453\" srcset=\"https:\/\/isabellebouteillet.com\/wp-content\/uploads\/2022\/07\/scul-abnb2.png 356w, https:\/\/isabellebouteillet.com\/wp-content\/uploads\/2022\/07\/scul-abnb2-264x300.png 264w, https:\/\/isabellebouteillet.com\/wp-content\/uploads\/2022\/07\/scul-abnb2-102x116.png 102w\" sizes=\"auto, (max-width: 356px) 100vw, 356px\" \/><\/a><\/figure>\n\n\n\n<figure class=\"wp-block-image size-full\"><a href=\"https:\/\/isabellebouteillet.com\/wp-content\/uploads\/2022\/07\/sculab-nb1.png\"><img loading=\"lazy\" decoding=\"async\" width=\"358\" height=\"472\" data-id=\"456\" src=\"https:\/\/isabellebouteillet.com\/wp-content\/uploads\/2022\/07\/sculab-nb1.png\" alt=\"\" class=\"wp-image-456\" srcset=\"https:\/\/isabellebouteillet.com\/wp-content\/uploads\/2022\/07\/sculab-nb1.png 358w, https:\/\/isabellebouteillet.com\/wp-content\/uploads\/2022\/07\/sculab-nb1-228x300.png 228w, https:\/\/isabellebouteillet.com\/wp-content\/uploads\/2022\/07\/sculab-nb1-88x116.png 88w\" sizes=\"auto, (max-width: 358px) 100vw, 358px\" \/><\/a><\/figure>\n\n\n\n<figure class=\"wp-block-image size-full\"><a href=\"https:\/\/isabellebouteillet.com\/wp-content\/uploads\/2022\/07\/sculabnb3.png\"><img loading=\"lazy\" decoding=\"async\" width=\"360\" height=\"414\" data-id=\"455\" src=\"https:\/\/isabellebouteillet.com\/wp-content\/uploads\/2022\/07\/sculabnb3.png\" alt=\"\" class=\"wp-image-455\" srcset=\"https:\/\/isabellebouteillet.com\/wp-content\/uploads\/2022\/07\/sculabnb3.png 360w, https:\/\/isabellebouteillet.com\/wp-content\/uploads\/2022\/07\/sculabnb3-261x300.png 261w, https:\/\/isabellebouteillet.com\/wp-content\/uploads\/2022\/07\/sculabnb3-101x116.png 101w\" sizes=\"auto, (max-width: 360px) 100vw, 360px\" \/><\/a><\/figure>\n\n\n\n<figure class=\"wp-block-image size-full\"><a href=\"https:\/\/isabellebouteillet.com\/wp-content\/uploads\/2022\/07\/sculabnb4.png\"><img loading=\"lazy\" decoding=\"async\" width=\"356\" height=\"468\" data-id=\"454\" src=\"https:\/\/isabellebouteillet.com\/wp-content\/uploads\/2022\/07\/sculabnb4.png\" alt=\"\" class=\"wp-image-454\" srcset=\"https:\/\/isabellebouteillet.com\/wp-content\/uploads\/2022\/07\/sculabnb4.png 356w, https:\/\/isabellebouteillet.com\/wp-content\/uploads\/2022\/07\/sculabnb4-228x300.png 228w, https:\/\/isabellebouteillet.com\/wp-content\/uploads\/2022\/07\/sculabnb4-88x116.png 88w\" sizes=\"auto, (max-width: 356px) 100vw, 356px\" \/><\/a><\/figure>\n<\/figure>\n\n\n<p class=\"fonts-plugin-block \" style=\"font-family: Lexend Tera;font-weight: 200;color: #000000\"><em>\u00abIl faut du temps pour penser les associations, les couleurs,\u00a0 pour finaliser et trouver les solutions des sculptures \u00e0 venir, des collages&#8230; C&#8217;est un long travail qu&#8217;il ne faut surtout pas brusquer\u00bb<\/em><\/p>\n\n\n<figure class=\"wp-block-gallery has-nested-images columns-default is-cropped wp-block-gallery-5 is-layout-flex wp-block-gallery-is-layout-flex\">\n<figure class=\"wp-block-image size-large\"><img loading=\"lazy\" decoding=\"async\" width=\"1116\" height=\"1118\" data-id=\"86\" src=\"https:\/\/isabellebouteillet.com\/wp-content\/uploads\/2022\/07\/Capture-de\u0301cran-2022-07-06-a\u0300-16.25.35.png\" alt=\"\" class=\"wp-image-86\" srcset=\"https:\/\/isabellebouteillet.com\/wp-content\/uploads\/2022\/07\/Capture-de\u0301cran-2022-07-06-a\u0300-16.25.35.png 1116w, https:\/\/isabellebouteillet.com\/wp-content\/uploads\/2022\/07\/Capture-de\u0301cran-2022-07-06-a\u0300-16.25.35-300x300.png 300w, https:\/\/isabellebouteillet.com\/wp-content\/uploads\/2022\/07\/Capture-de\u0301cran-2022-07-06-a\u0300-16.25.35-1022x1024.png 1022w, https:\/\/isabellebouteillet.com\/wp-content\/uploads\/2022\/07\/Capture-de\u0301cran-2022-07-06-a\u0300-16.25.35-150x150.png 150w, https:\/\/isabellebouteillet.com\/wp-content\/uploads\/2022\/07\/Capture-de\u0301cran-2022-07-06-a\u0300-16.25.35-768x769.png 768w, https:\/\/isabellebouteillet.com\/wp-content\/uploads\/2022\/07\/Capture-de\u0301cran-2022-07-06-a\u0300-16.25.35-100x100.png 100w\" sizes=\"auto, (max-width: 1116px) 100vw, 1116px\" \/><\/figure>\n\n\n\n<figure class=\"wp-block-image size-large\"><img loading=\"lazy\" decoding=\"async\" width=\"892\" height=\"1114\" data-id=\"83\" src=\"https:\/\/isabellebouteillet.com\/wp-content\/uploads\/2022\/07\/Capture-de\u0301cran-2022-07-06-a\u0300-16.24.13.png\" alt=\"\" class=\"wp-image-83\" srcset=\"https:\/\/isabellebouteillet.com\/wp-content\/uploads\/2022\/07\/Capture-de\u0301cran-2022-07-06-a\u0300-16.24.13.png 892w, https:\/\/isabellebouteillet.com\/wp-content\/uploads\/2022\/07\/Capture-de\u0301cran-2022-07-06-a\u0300-16.24.13-240x300.png 240w, https:\/\/isabellebouteillet.com\/wp-content\/uploads\/2022\/07\/Capture-de\u0301cran-2022-07-06-a\u0300-16.24.13-820x1024.png 820w, https:\/\/isabellebouteillet.com\/wp-content\/uploads\/2022\/07\/Capture-de\u0301cran-2022-07-06-a\u0300-16.24.13-768x959.png 768w\" sizes=\"auto, (max-width: 892px) 100vw, 892px\" \/><\/figure>\n<\/figure>\n","protected":false},"excerpt":{"rendered":"<p>Les Arbres Les Portraits Les Personnages Les Abstraits<\/p>\n","protected":false},"author":1,"featured_media":0,"parent":0,"menu_order":0,"comment_status":"closed","ping_status":"closed","template":"page-templates\/full-width.php","meta":{"footnotes":""},"class_list":["post-44","page","type-page","status-publish","hentry"],"_links":{"self":[{"href":"https:\/\/isabellebouteillet.com\/index.php\/wp-json\/wp\/v2\/pages\/44","targetHints":{"allow":["GET"]}}],"collection":[{"href":"https:\/\/isabellebouteillet.com\/index.php\/wp-json\/wp\/v2\/pages"}],"about":[{"href":"https:\/\/isabellebouteillet.com\/index.php\/wp-json\/wp\/v2\/types\/page"}],"author":[{"embeddable":true,"href":"https:\/\/isabellebouteillet.com\/index.php\/wp-json\/wp\/v2\/users\/1"}],"replies":[{"embeddable":true,"href":"https:\/\/isabellebouteillet.com\/index.php\/wp-json\/wp\/v2\/comments?post=44"}],"version-history":[{"count":45,"href":"https:\/\/isabellebouteillet.com\/index.php\/wp-json\/wp\/v2\/pages\/44\/revisions"}],"predecessor-version":[{"id":676,"href":"https:\/\/isabellebouteillet.com\/index.php\/wp-json\/wp\/v2\/pages\/44\/revisions\/676"}],"wp:attachment":[{"href":"https:\/\/isabellebouteillet.com\/index.php\/wp-json\/wp\/v2\/media?parent=44"}],"curies":[{"name":"wp","href":"https:\/\/api.w.org\/{rel}","templated":true}]}}